{"id":801,"date":"2023-03-08T11:13:06","date_gmt":"2023-03-08T08:13:06","guid":{"rendered":"https:\/\/griffins.gr\/?page_id=801"},"modified":"2023-03-08T12:54:13","modified_gmt":"2023-03-08T09:54:13","slug":"services","status":"publish","type":"page","link":"https:\/\/griffins.gr\/fr\/services\/","title":{"rendered":"Prestations de service"},"content":{"rendered":"<p>Le r\u00f4le du m\u00e9diateur est de faciliter la communication et les n\u00e9gociations entre les parties concern\u00e9es sans prendre parti en faveur d&rsquo;une partie ou de l&rsquo;autre.<\/p>\n<p>La m\u00e9diation en tant que mode de r\u00e8glement des diff\u00e9rends se caract\u00e9rise par les avantages suivants :<\/p>\n<p>(a) Rapidit\u00e9\u00a0: la m\u00e9diation aboutit g\u00e9n\u00e9ralement quelques jours apr\u00e8s son lancement, avec un d\u00e9lai maximum d&rsquo;un mois.<br \/>\n(b) Faible co\u00fbt<br \/>\n(c) R\u00e9chauffement des relations entre les deux parties : Le m\u00e9diateur peut induire une dynamique nouvelle et diff\u00e9rente au cours des n\u00e9gociations et r\u00e9chauffer les relations entre les parties impliqu\u00e9es.<\/p>\n","protected":false},"excerpt":{"rendered":"<p>Le r\u00f4le du m\u00e9diateur est de faciliter la communication et les n\u00e9gociations entre les parties concern\u00e9es sans prendre parti en faveur d&rsquo;une partie ou de l&rsquo;autre. La m\u00e9diation en tant que mode de r\u00e8glement des diff\u00e9rends se caract\u00e9rise par les avantages suivants : (a) Rapidit\u00e9\u00a0: la m\u00e9diation aboutit g\u00e9n\u00e9ralement quelques&hellip; <a class=\"continue\" href=\"https:\/\/griffins.gr\/fr\/services\/\"><span> Prestations de service<\/span><\/a><\/p>\n","protected":false},"author":1,"featured_media":0,"parent":0,"menu_order":0,"comment_status":"open","ping_status":"closed","template":"template-listing-cpt_service.php","meta":{"footnotes":""},"class_list":["post-801","page","type-page","status-publish","hentry"],"_links":{"self":[{"href":"https:\/\/griffins.gr\/fr\/wp-json\/wp\/v2\/pages\/801","targetHints":{"allow":["GET"]}}],"collection":[{"href":"https:\/\/griffins.gr\/fr\/wp-json\/wp\/v2\/pages"}],"about":[{"href":"https:\/\/griffins.gr\/fr\/wp-json\/wp\/v2\/types\/page"}],"author":[{"embeddable":true,"href":"https:\/\/griffins.gr\/fr\/wp-json\/wp\/v2\/users\/1"}],"replies":[{"embeddable":true,"href":"https:\/\/griffins.gr\/fr\/wp-json\/wp\/v2\/comments?post=801"}],"version-history":[{"count":4,"href":"https:\/\/griffins.gr\/fr\/wp-json\/wp\/v2\/pages\/801\/revisions"}],"predecessor-version":[{"id":862,"href":"https:\/\/griffins.gr\/fr\/wp-json\/wp\/v2\/pages\/801\/revisions\/862"}],"wp:attachment":[{"href":"https:\/\/griffins.gr\/fr\/wp-json\/wp\/v2\/media?parent=801"}],"curies":[{"name":"wp","href":"https:\/\/api.w.org\/{rel}","templated":true}]}}